{"id":12110,"date":"2023-04-17T22:45:03","date_gmt":"2023-04-17T20:45:03","guid":{"rendered":"https:\/\/www.svenskiptv.com\/?page_id=12110"},"modified":"2023-04-17T22:45:03","modified_gmt":"2023-04-17T20:45:03","slug":"vilken-iptv-leverantor-ska-man-valja","status":"publish","type":"page","link":"https:\/\/iptvnorway.co\/sv\/vilken-iptv-leverantor-ska-man-valja\/","title":{"rendered":"Vilken IPTV leverant\u00f6r ska man v\u00e4lja?"},"content":{"rendered":"\t\t<div data-elementor-type=\"wp-page\" data-elementor-id=\"12110\" class=\"elementor elementor-12110\" data-elementor-post-type=\"page\">\n\t\t\t\t\t\t<section class=\"elementor-section elementor-top-section elementor-element elementor-element-8002e88 elementor-section-boxed elementor-section-height-default elementor-section-height-default\" data-id=\"8002e88\" data-element_type=\"section\" data-e-type=\"section\">\n\t\t\t\t\t\t<div class=\"elementor-container elementor-column-gap-default\">\n\t\t\t\t\t<div class=\"elementor-column elementor-col-100 elementor-top-column elementor-element elementor-element-0e04bf8\" data-id=\"0e04bf8\" data-element_type=\"column\" data-e-type=\"column\">\n\t\t\t<div class=\"elementor-widget-wrap elementor-element-populated\">\n\t\t\t\t\t\t<div class=\"elementor-element elementor-element-9cd94d3 elementor-widget elementor-widget-heading\" data-id=\"9cd94d3\" data-element_type=\"widget\" data-e-type=\"widget\" data-widget_type=\"heading.default\">\n\t\t\t\t<div class=\"elementor-widget-container\">\n\t\t\t\t\t<h1 class=\"elementor-heading-title elementor-size-large\">Vilken IPTV leverant\u00f6r ska man v\u00e4lja?<\/h1>\t\t\t\t<\/div>\n\t\t\t\t<\/div>\n\t\t\t\t\t<\/div>\n\t\t<\/div>\n\t\t\t\t\t<\/div>\n\t\t<\/section>\n\t\t\t\t<section class=\"elementor-section elementor-top-section elementor-element elementor-element-ed61622 elementor-section-boxed elementor-section-height-default elementor-section-height-default\" data-id=\"ed61622\" data-element_type=\"section\" data-e-type=\"section\">\n\t\t\t\t\t\t<div class=\"elementor-container elementor-column-gap-default\">\n\t\t\t\t\t<div class=\"elementor-column elementor-col-100 elementor-top-column elementor-element elementor-element-f4f5773\" data-id=\"f4f5773\" data-element_type=\"column\" data-e-type=\"column\">\n\t\t\t<div class=\"elementor-widget-wrap elementor-element-populated\">\n\t\t\t\t\t\t<div class=\"elementor-element elementor-element-d048005 elementor-widget-mobile__width-initial elementor-widget elementor-widget-text-editor\" data-id=\"d048005\" data-element_type=\"widget\" data-e-type=\"widget\" data-widget_type=\"text-editor.default\">\n\t\t\t\t<div class=\"elementor-widget-container\">\n\t\t\t\t\t\t\t\t\t<p><font size=\"3\">Om du funderar \u00f6ver, vilken iptv leverant\u00f6r ska man v\u00e4lja? L\u00e4s d\u00e5 vidare. F\u00f6r att f\u00e5 en s\u00e5 bra och stabil uppkoppling som m\u00f6jligt s\u00e5 b\u00f6r du v\u00e4lja en svensk IPTV leverant\u00f6r d\u00e5 du troligtvis befinner dig i Sverige eller befinner dig utomlands men vill se p\u00e5 <a href=\"https:\/\/www.svenskiptv.com\/packages\/\">Svenska IPTV kanaler<\/a>.<br><\/font><span style=\"font-size: medium; color: var( --e-global-color-text ); font-family: var( --e-global-typography-text-font-family ), Sans-serif;\"><br>Man ska v\u00e4lja en IPTV leverant\u00f6r som fokuserar p\u00e5:<\/span><\/p><font size=\"3\">\n<ul>\n<li>Svenska IPTV kanaler<\/li>\n<li>Danska IPTV kanaler<\/li>\n<li>Norska IPTV kanaler<\/li>\n<li>Finska IPTV kanaler<\/li>\n<li>Alla skandinaviska IPTV kanaler<\/li>\n<\/ul>\n<p>Det g\u00f6r vi och d\u00e4rf\u00f6r heter vi SvenskIPTV.<br>Givetvis har vi \u00e4ven kanaler fr\u00e5n hela v\u00e4rlden!<br><span style=\"font-family: var( --e-global-typography-text-font-family ), Sans-serif;\"><br><font color=\"#000000\">I Sverige finns m\u00e5nga IPTV leverant\u00f6rer, de flesta riktar in sig p\u00e5 svenska kanaler d\u00e5 vi bor i Sverige. Det kan dock vara sv\u00e5rt att veta vilken IPTV leverant\u00f6r man ska v\u00e4lja, fundera \u00f6ver vad du \u00e4r ute efter s\u00e5 kommer denna text att hj\u00e4lpa dig p\u00e5 traven.<\/font><\/span><\/p><\/font>\t\t\t\t\t\t\t\t<\/div>\n\t\t\t\t<\/div>\n\t\t\t\t\t<\/div>\n\t\t<\/div>\n\t\t\t\t\t<\/div>\n\t\t<\/section>\n\t\t\t\t<section class=\"elementor-section elementor-top-section elementor-element elementor-element-019c60c elementor-section-boxed elementor-section-height-default elementor-section-height-default\" data-id=\"019c60c\" data-element_type=\"section\" data-e-type=\"section\">\n\t\t\t\t\t\t<div class=\"elementor-container elementor-column-gap-default\">\n\t\t\t\t\t<div class=\"elementor-column elementor-col-100 elementor-top-column elementor-element elementor-element-a913cee\" data-id=\"a913cee\" data-element_type=\"column\" data-e-type=\"column\">\n\t\t\t<div class=\"elementor-widget-wrap elementor-element-populated\">\n\t\t\t\t\t\t<div class=\"elementor-element elementor-element-309bc97 elementor-widget elementor-widget-image\" data-id=\"309bc97\" data-element_type=\"widget\" data-e-type=\"widget\" data-widget_type=\"image.default\">\n\t\t\t\t<div class=\"elementor-widget-container\">\n\t\t\t\t\t\t\t\t\t\t\t\t\t\t\t<img fetchpriority=\"high\" decoding=\"async\" width=\"300\" height=\"300\" src=\"https:\/\/iptvnorway.co\/wp-content\/uploads\/2023\/05\/2-300x300.jpg\" class=\"attachment-medium size-medium wp-image-12460\" alt=\"svenskiptv\" srcset=\"https:\/\/iptvnorway.co\/wp-content\/uploads\/2023\/05\/2-300x300.jpg 300w, https:\/\/iptvnorway.co\/wp-content\/uploads\/2023\/05\/2-150x150.jpg 150w, https:\/\/iptvnorway.co\/wp-content\/uploads\/2023\/05\/2-100x100.jpg 100w, https:\/\/iptvnorway.co\/wp-content\/uploads\/2023\/05\/2.jpg 512w\" sizes=\"(max-width: 300px) 100vw, 300px\" \/>\t\t\t\t\t\t\t\t\t\t\t\t\t\t\t<\/div>\n\t\t\t\t<\/div>\n\t\t\t\t<div class=\"elementor-element elementor-element-7e0f6a8 elementor-widget elementor-widget-heading\" data-id=\"7e0f6a8\" data-element_type=\"widget\" data-e-type=\"widget\" data-widget_type=\"heading.default\">\n\t\t\t\t<div class=\"elementor-widget-container\">\n\t\t\t\t\t<h3 class=\"elementor-heading-title elementor-size-medium\">Hur v\u00e4ljer jag r\u00e4tt IPTV leverant\u00f6r?<\/h3>\t\t\t\t<\/div>\n\t\t\t\t<\/div>\n\t\t\t\t\t<\/div>\n\t\t<\/div>\n\t\t\t\t\t<\/div>\n\t\t<\/section>\n\t\t\t\t<section class=\"elementor-section elementor-top-section elementor-element elementor-element-b7afbd9 elementor-section-boxed elementor-section-height-default elementor-section-height-default\" data-id=\"b7afbd9\" data-element_type=\"section\" data-e-type=\"section\">\n\t\t\t\t\t\t<div class=\"elementor-container elementor-column-gap-default\">\n\t\t\t\t\t<div class=\"elementor-column elementor-col-100 elementor-top-column elementor-element elementor-element-8c5efc7\" data-id=\"8c5efc7\" data-element_type=\"column\" data-e-type=\"column\">\n\t\t\t<div class=\"elementor-widget-wrap elementor-element-populated\">\n\t\t\t\t\t\t<div class=\"elementor-element elementor-element-f7d85cf elementor-widget elementor-widget-text-editor\" data-id=\"f7d85cf\" data-element_type=\"widget\" data-e-type=\"widget\" data-widget_type=\"text-editor.default\">\n\t\t\t\t<div class=\"elementor-widget-container\">\n\t\t\t\t\t\t\t\t\t<p><span style=\"font-size: medium;\">Det finns m\u00e5nga IPTV leverant\u00f6rer i Sverige s\u00e5som <a href=\"https:\/\/rapidiptvsverige.com\">rapid iptv<\/a>, <a href=\"https:\/\/nordisk-iptv.com\">nordisk iptv<\/a> och m\u00e5nga fler. F\u00f6r att v\u00e4lja r\u00e4tt leverant\u00f6r beh\u00f6ver du f\u00f6rst veta vad du \u00e4r ute efter. \u00c4r det exempelvis Svenska och Skandinaviska kanaler generellt s\u00e5 anser vi givetvis att du ska v\u00e4lja oss p\u00e5 <a href=\"https:\/\/svenskiptv.com\">svenskiptv<\/a>.<br \/><br \/>F\u00f6rut fanns \u00e4ven en bra leverant\u00f6r som hette <a href=\"https:\/\/www.svenskiptv.com\/pongo-iptv\/\">pongo iptv<\/a> som tyv\u00e4rr inte finns kvar i dagsl\u00e4get. De anv\u00e4nde sig utav samma server som vi k\u00f6r med idag vilket \u00e4r Sveriges b\u00e4sta server.<\/span><\/p>\t\t\t\t\t\t\t\t<\/div>\n\t\t\t\t<\/div>\n\t\t\t\t<div class=\"elementor-element elementor-element-cee55af elementor-widget elementor-widget-image\" data-id=\"cee55af\" data-element_type=\"widget\" data-e-type=\"widget\" data-widget_type=\"image.default\">\n\t\t\t\t<div class=\"elementor-widget-container\">\n\t\t\t\t\t\t\t\t\t\t\t\t\t\t\t<img decoding=\"async\" src=\"https:\/\/www.svenskiptv.com\/wp-content\/uploads\/2019\/12\/TV-paket-1-\u00e5r-SvenskIPTV.jpg\" title=\"\" alt=\"Vilken IPTV leverant\u00f6r ska man v\u00e4lja?\" loading=\"lazy\" \/>\t\t\t\t\t\t\t\t\t\t\t\t\t\t\t<\/div>\n\t\t\t\t<\/div>\n\t\t\t\t\t<\/div>\n\t\t<\/div>\n\t\t\t\t\t<\/div>\n\t\t<\/section>\n\t\t\t\t<section class=\"elementor-section elementor-top-section elementor-element elementor-element-2daa9f7 elementor-section-boxed elementor-section-height-default elementor-section-height-default\" data-id=\"2daa9f7\" data-element_type=\"section\" data-e-type=\"section\">\n\t\t\t\t\t\t<div class=\"elementor-container elementor-column-gap-default\">\n\t\t\t\t\t<div class=\"elementor-column elementor-col-100 elementor-top-column elementor-element elementor-element-6b808c4\" data-id=\"6b808c4\" data-element_type=\"column\" data-e-type=\"column\">\n\t\t\t<div class=\"elementor-widget-wrap elementor-element-populated\">\n\t\t\t\t\t\t<div class=\"elementor-element elementor-element-ab1ed8f elementor-widget elementor-widget-heading\" data-id=\"ab1ed8f\" data-element_type=\"widget\" data-e-type=\"widget\" data-widget_type=\"heading.default\">\n\t\t\t\t<div class=\"elementor-widget-container\">\n\t\t\t\t\t<h4 class=\"elementor-heading-title elementor-size-medium\">Ska man v\u00e4lja en Svensk IPTV leverant\u00f6r?<\/h4>\t\t\t\t<\/div>\n\t\t\t\t<\/div>\n\t\t\t\t\t<\/div>\n\t\t<\/div>\n\t\t\t\t\t<\/div>\n\t\t<\/section>\n\t\t\t\t<section class=\"elementor-section elementor-top-section elementor-element elementor-element-3b871bb elementor-section-boxed elementor-section-height-default elementor-section-height-default\" data-id=\"3b871bb\" data-element_type=\"section\" data-e-type=\"section\">\n\t\t\t\t\t\t<div class=\"elementor-container elementor-column-gap-default\">\n\t\t\t\t\t<div class=\"elementor-column elementor-col-100 elementor-top-column elementor-element elementor-element-3863249\" data-id=\"3863249\" data-element_type=\"column\" data-e-type=\"column\">\n\t\t\t<div class=\"elementor-widget-wrap elementor-element-populated\">\n\t\t\t\t\t\t<div class=\"elementor-element elementor-element-792c224 elementor-widget elementor-widget-text-editor\" data-id=\"792c224\" data-element_type=\"widget\" data-e-type=\"widget\" data-widget_type=\"text-editor.default\">\n\t\t\t\t<div class=\"elementor-widget-container\">\n\t\t\t\t\t\t\t\t\t<p><span style=\"font-size: medium;\">Kort sagt, ja. Vill man se p\u00e5 svenska tv kanaler via IPTV s\u00e5 b\u00f6r man v\u00e4lja en leverant\u00f6r som fokuserar p\u00e5 Sverige eller \u00e5tminstone skandinavien. P\u00e5 SvenskIPTV f\u00e5r du inte bara alla Svenska och Skandinaviska kanaler utan \u00e4ven kanaler fr\u00e5n hela v\u00e4rlden.<br \/><br \/>N\u00e4r du allts\u00e5 \u00e4r ute efter alla sport, film och serie- kanaler s\u00e5 f\u00e5r du mest valuta f\u00f6r pengar h\u00e4r hos oss. Man beh\u00f6ver naturligtvis f\u00f6rst veta exakt vad man \u00e4r ute efter och vad man \u00e4r intresserad av.<\/span><\/p>\t\t\t\t\t\t\t\t<\/div>\n\t\t\t\t<\/div>\n\t\t\t\t\t<\/div>\n\t\t<\/div>\n\t\t\t\t\t<\/div>\n\t\t<\/section>\n\t\t\t\t<section class=\"elementor-section elementor-top-section elementor-element elementor-element-9c83efa elementor-section-boxed elementor-section-height-default elementor-section-height-default\" data-id=\"9c83efa\" data-element_type=\"section\" data-e-type=\"section\">\n\t\t\t\t\t\t<div class=\"elementor-container elementor-column-gap-default\">\n\t\t\t\t\t<div class=\"elementor-column elementor-col-100 elementor-top-column elementor-element elementor-element-ec11c68\" data-id=\"ec11c68\" data-element_type=\"column\" data-e-type=\"column\">\n\t\t\t<div class=\"elementor-widget-wrap elementor-element-populated\">\n\t\t\t\t\t\t<div class=\"elementor-element elementor-element-7d350e6 elementor-widget elementor-widget-heading\" data-id=\"7d350e6\" data-element_type=\"widget\" data-e-type=\"widget\" data-widget_type=\"heading.default\">\n\t\t\t\t<div class=\"elementor-widget-container\">\n\t\t\t\t\t<h5 class=\"elementor-heading-title elementor-size-medium\">Flera Svenska IPTV kanaler man kan v\u00e4lja<\/h5>\t\t\t\t<\/div>\n\t\t\t\t<\/div>\n\t\t\t\t\t<\/div>\n\t\t<\/div>\n\t\t\t\t\t<\/div>\n\t\t<\/section>\n\t\t\t\t<section class=\"elementor-section elementor-top-section elementor-element elementor-element-bd1cc00 elementor-section-boxed elementor-section-height-default elementor-section-height-default\" data-id=\"bd1cc00\" data-element_type=\"section\" data-e-type=\"section\">\n\t\t\t\t\t\t<div class=\"elementor-container elementor-column-gap-default\">\n\t\t\t\t\t<div class=\"elementor-column elementor-col-100 elementor-top-column elementor-element elementor-element-97312fd\" data-id=\"97312fd\" data-element_type=\"column\" data-e-type=\"column\">\n\t\t\t<div class=\"elementor-widget-wrap elementor-element-populated\">\n\t\t\t\t\t\t<div class=\"elementor-element elementor-element-b1013e5 elementor-widget elementor-widget-text-editor\" data-id=\"b1013e5\" data-element_type=\"widget\" data-e-type=\"widget\" data-widget_type=\"text-editor.default\">\n\t\t\t\t<div class=\"elementor-widget-container\">\n\t\t\t\t\t\t\t\t\t<p><span style=\"font-size: medium;\">\u00c4r du exempelvis mer intresserad utav exempelvis Arabiska kanaler s\u00e5 finns det givetvis ocks\u00e5 och de fungerar naturligtvis v\u00e4ldigt bra men det finns IPTV leverant\u00f6rer som riktar in sig p\u00e5 specifika v\u00e4rldsdelar.<br \/><\/span><span style=\"font-size: medium; color: var( --e-global-color-text ); font-family: var( --e-global-typography-text-font-family ), Sans-serif;\"><br \/>Det \u00e4r otroligt s\u00e4llsynt, om inte om\u00f6jligt att hitta en leverant\u00f6r som specialiserar sig p\u00e5 hela v\u00e4rlden, det blir en f\u00f6r stor server och kanaler b\u00f6rjar fungera d\u00e5ligt d\u00e5 de flesta enheter och appar inte kan hantera stora listor med flera hundra tusen titlar. Hos oss hittar du exakt alla Svenska IPTV kanaler du \u00e4r ute efter.<\/span><\/p>\t\t\t\t\t\t\t\t<\/div>\n\t\t\t\t<\/div>\n\t\t\t\t<div class=\"elementor-element elementor-element-693136a elementor-align-center elementor-widget elementor-widget-button\" data-id=\"693136a\" data-element_type=\"widget\" data-e-type=\"widget\" data-widget_type=\"button.default\">\n\t\t\t\t<div class=\"elementor-widget-container\">\n\t\t\t\t\t\t\t\t\t<div class=\"elementor-button-wrapper\">\n\t\t\t\t\t<a class=\"elementor-button elementor-button-link elementor-size-sm\" href=\"https:\/\/www.svenskiptv.com\/packages\/\">\n\t\t\t\t\t\t<span class=\"elementor-button-content-wrapper\">\n\t\t\t\t\t\t\t\t\t<span class=\"elementor-button-text\">Testa gratis<\/span>\n\t\t\t\t\t<\/span>\n\t\t\t\t\t<\/a>\n\t\t\t\t<\/div>\n\t\t\t\t\t\t\t\t<\/div>\n\t\t\t\t<\/div>\n\t\t\t\t\t<\/div>\n\t\t<\/div>\n\t\t\t\t\t<\/div>\n\t\t<\/section>\n\t\t\t\t<section class=\"elementor-section elementor-top-section elementor-element elementor-element-3a261de elementor-section-boxed elementor-section-height-default elementor-section-height-default\" data-id=\"3a261de\" data-element_type=\"section\" data-e-type=\"section\">\n\t\t\t\t\t\t<div class=\"elementor-container elementor-column-gap-default\">\n\t\t\t\t\t<div class=\"elementor-column elementor-col-100 elementor-top-column elementor-element elementor-element-9299e78\" data-id=\"9299e78\" data-element_type=\"column\" data-e-type=\"column\">\n\t\t\t<div class=\"elementor-widget-wrap elementor-element-populated\">\n\t\t\t\t\t\t<div class=\"elementor-element elementor-element-49808a4 elementor-widget elementor-widget-image\" data-id=\"49808a4\" data-element_type=\"widget\" data-e-type=\"widget\" data-widget_type=\"image.default\">\n\t\t\t\t<div class=\"elementor-widget-container\">\n\t\t\t\t\t\t\t\t\t\t\t\t\t\t\t<img decoding=\"async\" src=\"https:\/\/www.svenskiptv.com\/wp-content\/uploads\/2019\/10\/Premiumkanaler.jpg\" title=\"\" alt=\"Premiumkanaler SvenskIPTV\" loading=\"lazy\" \/>\t\t\t\t\t\t\t\t\t\t\t\t\t\t\t<\/div>\n\t\t\t\t<\/div>\n\t\t\t\t\t<\/div>\n\t\t<\/div>\n\t\t\t\t\t<\/div>\n\t\t<\/section>\n\t\t\t\t<\/div>\n\t\t","protected":false},"excerpt":{"rendered":"<p>Vilken IPTV leverant\u00f6r ska man v\u00e4lja? Om du funderar \u00f6ver, vilken iptv leverant\u00f6r ska man v\u00e4lja? L\u00e4s d\u00e5 vidare. F\u00f6r att f\u00e5 en s\u00e5 bra och stabil uppkoppling som m\u00f6jligt s\u00e5 b\u00f6r du v\u00e4lja en svensk IPTV leverant\u00f6r d\u00e5 du troligtvis befinner dig i Sverige eller befinner dig utomlands men vill se p\u00e5 Svenska IPTV&hellip;<\/p>\n","protected":false},"author":3,"featured_media":0,"parent":0,"menu_order":0,"comment_status":"closed","ping_status":"closed","template":"","meta":{"footnotes":""},"class_list":["post-12110","page","type-page","status-publish","hentry"],"acf":[],"yoast_head":"<!-- This site is optimized with the Yoast SEO plugin v27.5 - https:\/\/yoast.com\/product\/yoast-seo-wordpress\/ -->\n<title>Vilken IPTV leverant\u00f6r ska man v\u00e4lja? - IPTV Norge<\/title>\n<meta name=\"description\" content=\"Om du t\u00e4nker, vilken iptv leverant\u00f6r ska man v\u00e4lja? L\u00e4s d\u00e5 vidare. F\u00f6r att f\u00e5 en s\u00e5 bra och stabil uppkoppling som m\u00f6jligt s\u00e5 b\u00f6r du v\u00e4lja...\" \/>\n<meta name=\"robots\" content=\"index, follow, max-snippet:-1, max-image-preview:large, max-video-preview:-1\" \/>\n<link rel=\"canonical\" href=\"https:\/\/iptvnorway.co\/sv\/vilken-iptv-leverantor-ska-man-valja\/\" \/>\n<meta property=\"og:locale\" content=\"sv_SE\" \/>\n<meta property=\"og:type\" content=\"article\" \/>\n<meta property=\"og:title\" content=\"Vilken IPTV leverant\u00f6r ska man v\u00e4lja? - IPTV Norge\" \/>\n<meta property=\"og:description\" content=\"Om du t\u00e4nker, vilken iptv leverant\u00f6r ska man v\u00e4lja? L\u00e4s d\u00e5 vidare. F\u00f6r att f\u00e5 en s\u00e5 bra och stabil uppkoppling som m\u00f6jligt s\u00e5 b\u00f6r du v\u00e4lja...\" \/>\n<meta property=\"og:url\" content=\"https:\/\/iptvnorway.co\/sv\/vilken-iptv-leverantor-ska-man-valja\/\" \/>\n<meta property=\"og:site_name\" content=\"IPTV Norge\" \/>\n<meta property=\"og:image\" content=\"https:\/\/www.svenskiptv.com\/wp-content\/uploads\/2023\/05\/2-300x300.jpg\" \/>\n<meta name=\"twitter:card\" content=\"summary_large_image\" \/>\n<meta name=\"twitter:site\" content=\"@iptvnorge\" \/>\n<meta name=\"twitter:label1\" content=\"Ber\u00e4knad l\u00e4stid\" \/>\n\t<meta name=\"twitter:data1\" content=\"3 minuter\" \/>\n<script type=\"application\/ld+json\" class=\"yoast-schema-graph\">{\"@context\":\"https:\\\/\\\/schema.org\",\"@graph\":[{\"@type\":\"WebPage\",\"@id\":\"https:\\\/\\\/iptvnorway.co\\\/sv\\\/vilken-iptv-leverantor-ska-man-valja\\\/\",\"url\":\"https:\\\/\\\/iptvnorway.co\\\/sv\\\/vilken-iptv-leverantor-ska-man-valja\\\/\",\"name\":\"Vilken IPTV leverant\u00f6r ska man v\u00e4lja? - IPTV Norge\",\"isPartOf\":{\"@id\":\"https:\\\/\\\/iptvnorway.co\\\/sv\\\/#website\"},\"primaryImageOfPage\":{\"@id\":\"https:\\\/\\\/iptvnorway.co\\\/sv\\\/vilken-iptv-leverantor-ska-man-valja\\\/#primaryimage\"},\"image\":{\"@id\":\"https:\\\/\\\/iptvnorway.co\\\/sv\\\/vilken-iptv-leverantor-ska-man-valja\\\/#primaryimage\"},\"thumbnailUrl\":\"https:\\\/\\\/www.svenskiptv.com\\\/wp-content\\\/uploads\\\/2023\\\/05\\\/2-300x300.jpg\",\"datePublished\":\"2023-04-17T20:45:03+00:00\",\"description\":\"Om du t\u00e4nker, vilken iptv leverant\u00f6r ska man v\u00e4lja? L\u00e4s d\u00e5 vidare. F\u00f6r att f\u00e5 en s\u00e5 bra och stabil uppkoppling som m\u00f6jligt s\u00e5 b\u00f6r du v\u00e4lja...\",\"breadcrumb\":{\"@id\":\"https:\\\/\\\/iptvnorway.co\\\/sv\\\/vilken-iptv-leverantor-ska-man-valja\\\/#breadcrumb\"},\"inLanguage\":\"sv-SE\",\"potentialAction\":[{\"@type\":\"ReadAction\",\"target\":[\"https:\\\/\\\/iptvnorway.co\\\/sv\\\/vilken-iptv-leverantor-ska-man-valja\\\/\"]}]},{\"@type\":\"ImageObject\",\"inLanguage\":\"sv-SE\",\"@id\":\"https:\\\/\\\/iptvnorway.co\\\/sv\\\/vilken-iptv-leverantor-ska-man-valja\\\/#primaryimage\",\"url\":\"https:\\\/\\\/www.svenskiptv.com\\\/wp-content\\\/uploads\\\/2023\\\/05\\\/2-300x300.jpg\",\"contentUrl\":\"https:\\\/\\\/www.svenskiptv.com\\\/wp-content\\\/uploads\\\/2023\\\/05\\\/2-300x300.jpg\"},{\"@type\":\"BreadcrumbList\",\"@id\":\"https:\\\/\\\/iptvnorway.co\\\/sv\\\/vilken-iptv-leverantor-ska-man-valja\\\/#breadcrumb\",\"itemListElement\":[{\"@type\":\"ListItem\",\"position\":1,\"name\":\"Home\",\"item\":\"https:\\\/\\\/iptvnorway.co\\\/sv\\\/\"},{\"@type\":\"ListItem\",\"position\":2,\"name\":\"Vilken IPTV leverant\u00f6r ska man v\u00e4lja?\"}]},{\"@type\":\"WebSite\",\"@id\":\"https:\\\/\\\/iptvnorway.co\\\/sv\\\/#website\",\"url\":\"https:\\\/\\\/iptvnorway.co\\\/sv\\\/\",\"name\":\"IPTV Norway\",\"description\":\"B\u00e4st p\u00e5 IPTV i Norge!\",\"publisher\":{\"@id\":\"https:\\\/\\\/iptvnorway.co\\\/sv\\\/#organization\"},\"alternateName\":\"IPTV Norway\",\"potentialAction\":[{\"@type\":\"SearchAction\",\"target\":{\"@type\":\"EntryPoint\",\"urlTemplate\":\"https:\\\/\\\/iptvnorway.co\\\/sv\\\/?s={search_term_string}\"},\"query-input\":{\"@type\":\"PropertyValueSpecification\",\"valueRequired\":true,\"valueName\":\"search_term_string\"}}],\"inLanguage\":\"sv-SE\"},{\"@type\":\"Organization\",\"@id\":\"https:\\\/\\\/iptvnorway.co\\\/sv\\\/#organization\",\"name\":\"IPTV Norway\",\"alternateName\":\"IPTV Norway\",\"url\":\"https:\\\/\\\/iptvnorway.co\\\/sv\\\/\",\"logo\":{\"@type\":\"ImageObject\",\"inLanguage\":\"sv-SE\",\"@id\":\"https:\\\/\\\/iptvnorway.co\\\/sv\\\/#\\\/schema\\\/logo\\\/image\\\/\",\"url\":\"https:\\\/\\\/iptvnorway.co\\\/wp-content\\\/uploads\\\/2023\\\/10\\\/IPTV-Norge-Favicon.png\",\"contentUrl\":\"https:\\\/\\\/iptvnorway.co\\\/wp-content\\\/uploads\\\/2023\\\/10\\\/IPTV-Norge-Favicon.png\",\"width\":512,\"height\":512,\"caption\":\"IPTV Norway\"},\"image\":{\"@id\":\"https:\\\/\\\/iptvnorway.co\\\/sv\\\/#\\\/schema\\\/logo\\\/image\\\/\"},\"sameAs\":[\"https:\\\/\\\/x.com\\\/iptvnorge\",\"https:\\\/\\\/pinterest.com\\\/iptvnorge\",\"https:\\\/\\\/tumblr.com\\\/iptvnorge\",\"https:\\\/\\\/www.reddit.com\\\/user\\\/iptvnorge\\\/\",\"https:\\\/\\\/quora.com\\\/iptvnorge\",\"https:\\\/\\\/www.tiktok.com\\\/@iptvnorge.is\"]}]}<\/script>\n<!-- \/ Yoast SEO plugin. -->","yoast_head_json":{"title":"Vilken IPTV leverant\u00f6r ska man v\u00e4lja? - IPTV Norge","description":"Om du t\u00e4nker, vilken iptv leverant\u00f6r ska man v\u00e4lja? L\u00e4s d\u00e5 vidare. F\u00f6r att f\u00e5 en s\u00e5 bra och stabil uppkoppling som m\u00f6jligt s\u00e5 b\u00f6r du v\u00e4lja...","robots":{"index":"index","follow":"follow","max-snippet":"max-snippet:-1","max-image-preview":"max-image-preview:large","max-video-preview":"max-video-preview:-1"},"canonical":"https:\/\/iptvnorway.co\/sv\/vilken-iptv-leverantor-ska-man-valja\/","og_locale":"sv_SE","og_type":"article","og_title":"Vilken IPTV leverant\u00f6r ska man v\u00e4lja? - IPTV Norge","og_description":"Om du t\u00e4nker, vilken iptv leverant\u00f6r ska man v\u00e4lja? L\u00e4s d\u00e5 vidare. F\u00f6r att f\u00e5 en s\u00e5 bra och stabil uppkoppling som m\u00f6jligt s\u00e5 b\u00f6r du v\u00e4lja...","og_url":"https:\/\/iptvnorway.co\/sv\/vilken-iptv-leverantor-ska-man-valja\/","og_site_name":"IPTV Norge","og_image":[{"url":"https:\/\/www.svenskiptv.com\/wp-content\/uploads\/2023\/05\/2-300x300.jpg","type":"","width":"","height":""}],"twitter_card":"summary_large_image","twitter_site":"@iptvnorge","twitter_misc":{"Ber\u00e4knad l\u00e4stid":"3 minuter"},"schema":{"@context":"https:\/\/schema.org","@graph":[{"@type":"WebPage","@id":"https:\/\/iptvnorway.co\/sv\/vilken-iptv-leverantor-ska-man-valja\/","url":"https:\/\/iptvnorway.co\/sv\/vilken-iptv-leverantor-ska-man-valja\/","name":"Vilken IPTV leverant\u00f6r ska man v\u00e4lja? - IPTV Norge","isPartOf":{"@id":"https:\/\/iptvnorway.co\/sv\/#website"},"primaryImageOfPage":{"@id":"https:\/\/iptvnorway.co\/sv\/vilken-iptv-leverantor-ska-man-valja\/#primaryimage"},"image":{"@id":"https:\/\/iptvnorway.co\/sv\/vilken-iptv-leverantor-ska-man-valja\/#primaryimage"},"thumbnailUrl":"https:\/\/www.svenskiptv.com\/wp-content\/uploads\/2023\/05\/2-300x300.jpg","datePublished":"2023-04-17T20:45:03+00:00","description":"Om du t\u00e4nker, vilken iptv leverant\u00f6r ska man v\u00e4lja? L\u00e4s d\u00e5 vidare. F\u00f6r att f\u00e5 en s\u00e5 bra och stabil uppkoppling som m\u00f6jligt s\u00e5 b\u00f6r du v\u00e4lja...","breadcrumb":{"@id":"https:\/\/iptvnorway.co\/sv\/vilken-iptv-leverantor-ska-man-valja\/#breadcrumb"},"inLanguage":"sv-SE","potentialAction":[{"@type":"ReadAction","target":["https:\/\/iptvnorway.co\/sv\/vilken-iptv-leverantor-ska-man-valja\/"]}]},{"@type":"ImageObject","inLanguage":"sv-SE","@id":"https:\/\/iptvnorway.co\/sv\/vilken-iptv-leverantor-ska-man-valja\/#primaryimage","url":"https:\/\/www.svenskiptv.com\/wp-content\/uploads\/2023\/05\/2-300x300.jpg","contentUrl":"https:\/\/www.svenskiptv.com\/wp-content\/uploads\/2023\/05\/2-300x300.jpg"},{"@type":"BreadcrumbList","@id":"https:\/\/iptvnorway.co\/sv\/vilken-iptv-leverantor-ska-man-valja\/#breadcrumb","itemListElement":[{"@type":"ListItem","position":1,"name":"Home","item":"https:\/\/iptvnorway.co\/sv\/"},{"@type":"ListItem","position":2,"name":"Vilken IPTV leverant\u00f6r ska man v\u00e4lja?"}]},{"@type":"WebSite","@id":"https:\/\/iptvnorway.co\/sv\/#website","url":"https:\/\/iptvnorway.co\/sv\/","name":"IPTV Norway","description":"B\u00e4st p\u00e5 IPTV i Norge!","publisher":{"@id":"https:\/\/iptvnorway.co\/sv\/#organization"},"alternateName":"IPTV Norway","potentialAction":[{"@type":"SearchAction","target":{"@type":"EntryPoint","urlTemplate":"https:\/\/iptvnorway.co\/sv\/?s={search_term_string}"},"query-input":{"@type":"PropertyValueSpecification","valueRequired":true,"valueName":"search_term_string"}}],"inLanguage":"sv-SE"},{"@type":"Organization","@id":"https:\/\/iptvnorway.co\/sv\/#organization","name":"IPTV Norway","alternateName":"IPTV Norway","url":"https:\/\/iptvnorway.co\/sv\/","logo":{"@type":"ImageObject","inLanguage":"sv-SE","@id":"https:\/\/iptvnorway.co\/sv\/#\/schema\/logo\/image\/","url":"https:\/\/iptvnorway.co\/wp-content\/uploads\/2023\/10\/IPTV-Norge-Favicon.png","contentUrl":"https:\/\/iptvnorway.co\/wp-content\/uploads\/2023\/10\/IPTV-Norge-Favicon.png","width":512,"height":512,"caption":"IPTV Norway"},"image":{"@id":"https:\/\/iptvnorway.co\/sv\/#\/schema\/logo\/image\/"},"sameAs":["https:\/\/x.com\/iptvnorge","https:\/\/pinterest.com\/iptvnorge","https:\/\/tumblr.com\/iptvnorge","https:\/\/www.reddit.com\/user\/iptvnorge\/","https:\/\/quora.com\/iptvnorge","https:\/\/www.tiktok.com\/@iptvnorge.is"]}]}},"_links":{"self":[{"href":"https:\/\/iptvnorway.co\/sv\/wp-json\/wp\/v2\/pages\/12110","targetHints":{"allow":["GET"]}}],"collection":[{"href":"https:\/\/iptvnorway.co\/sv\/wp-json\/wp\/v2\/pages"}],"about":[{"href":"https:\/\/iptvnorway.co\/sv\/wp-json\/wp\/v2\/types\/page"}],"author":[{"embeddable":true,"href":"https:\/\/iptvnorway.co\/sv\/wp-json\/wp\/v2\/users\/3"}],"replies":[{"embeddable":true,"href":"https:\/\/iptvnorway.co\/sv\/wp-json\/wp\/v2\/comments?post=12110"}],"version-history":[{"count":0,"href":"https:\/\/iptvnorway.co\/sv\/wp-json\/wp\/v2\/pages\/12110\/revisions"}],"wp:attachment":[{"href":"https:\/\/iptvnorway.co\/sv\/wp-json\/wp\/v2\/media?parent=12110"}],"curies":[{"name":"wp","href":"https:\/\/api.w.org\/{rel}","templated":true}]}}