{"id":9547,"date":"2021-08-02T21:37:38","date_gmt":"2021-08-02T21:37:38","guid":{"rendered":"https:\/\/svenskiptv.com\/?page_id=9547"},"modified":"2021-08-02T21:37:38","modified_gmt":"2021-08-02T21:37:38","slug":"hur-fungerar-iptv","status":"publish","type":"page","link":"https:\/\/iptvnorway.co\/sv\/hur-fungerar-iptv\/","title":{"rendered":"Hur fungerar IPTV?"},"content":{"rendered":"\n\t<h3><strong>Hur fungerar IPTV?<\/strong><\/h3>\n\t<p>Hur fungerar IPTV kan man fr\u00e5ga sig? Du b\u00f6rjar med att k\u00f6pa tillg\u00e5ng till nordens b\u00e4sta server fr\u00e5n oss. Vi hj\u00e4lper dig sedan att komma ig\u00e5ng genom att hj\u00e4lpa dig hitta r\u00e4tt app f\u00f6r din enhet. Du kopierar samt klistrar sedan in en l\u00e4nk eller s\u00e5 ger du oss din MAC adress s\u00e5 sk\u00f6ter vi resten. Gl\u00f6m inte att du kan testa v\u00e5ra kanaler gratis!<\/p>\n\t\t\t\t<img fetchpriority=\"high\" decoding=\"async\" src=\"https:\/\/svenskiptv.com\/wp-content\/uploads\/2019\/12\/iptv-300x200.jpg\" alt=\"SvenskIPTV\" itemprop=\"image\" height=\"200\" width=\"300\" title=\"SvenskIPTV\" onerror=\"this.style.display='none'\"  \/>\n\t\t\t<a href=\"https:\/\/svenskiptv.com\/checkout\/\" target=\"_self\" role=\"button\" rel=\"noopener noreferrer\">\n\t\t\t\t\t\t\tProva gratis!\n\t\t\t\t\t<\/a>\n","protected":false},"excerpt":{"rendered":"","protected":false},"author":3,"featured_media":0,"parent":0,"menu_order":0,"comment_status":"closed","ping_status":"closed","template":"","meta":{"footnotes":""},"class_list":["post-9547","page","type-page","status-publish","hentry"],"acf":[],"yoast_head":"<!-- This site is optimized with the Yoast SEO plugin v27.5 - https:\/\/yoast.com\/product\/yoast-seo-wordpress\/ -->\n<title>Hur fungerar IPTV? - IPTV Norge<\/title>\n<meta name=\"description\" content=\"Vi hj\u00e4lper dig sedan att komma ig\u00e5ng genom att hj\u00e4lpa dig hitta r\u00e4tt app f\u00f6r din enhet. Du kopierar samt klistrar in en l\u00e4nk eller s\u00e5 l\u00e4mnar...\" \/>\n<meta name=\"robots\" content=\"index, follow, max-snippet:-1, max-image-preview:large, max-video-preview:-1\" \/>\n<link rel=\"canonical\" href=\"https:\/\/iptvnorway.co\/sv\/hur-fungerar-iptv\/\" \/>\n<meta property=\"og:locale\" content=\"sv_SE\" \/>\n<meta property=\"og:type\" content=\"article\" \/>\n<meta property=\"og:title\" content=\"Hur fungerar IPTV? - IPTV Norge\" \/>\n<meta property=\"og:description\" content=\"Vi hj\u00e4lper dig sedan att komma ig\u00e5ng genom att hj\u00e4lpa dig hitta r\u00e4tt app f\u00f6r din enhet. Du kopierar samt klistrar in en l\u00e4nk eller s\u00e5 l\u00e4mnar...\" \/>\n<meta property=\"og:url\" content=\"https:\/\/iptvnorway.co\/sv\/hur-fungerar-iptv\/\" \/>\n<meta property=\"og:site_name\" content=\"IPTV Norge\" \/>\n<meta property=\"og:image\" content=\"https:\/\/svenskiptv.com\/wp-content\/uploads\/2019\/12\/iptv-300x200.jpg\" \/>\n<meta name=\"twitter:card\" content=\"summary_large_image\" \/>\n<meta name=\"twitter:site\" content=\"@iptvnorge\" \/>\n<script type=\"application\/ld+json\" class=\"yoast-schema-graph\">{\"@context\":\"https:\\\/\\\/schema.org\",\"@graph\":[{\"@type\":\"WebPage\",\"@id\":\"https:\\\/\\\/iptvnorway.co\\\/sv\\\/hur-fungerar-iptv\\\/\",\"url\":\"https:\\\/\\\/iptvnorway.co\\\/sv\\\/hur-fungerar-iptv\\\/\",\"name\":\"Hur fungerar IPTV? - IPTV Norge\",\"isPartOf\":{\"@id\":\"https:\\\/\\\/iptvnorway.co\\\/sv\\\/#website\"},\"primaryImageOfPage\":{\"@id\":\"https:\\\/\\\/iptvnorway.co\\\/sv\\\/hur-fungerar-iptv\\\/#primaryimage\"},\"image\":{\"@id\":\"https:\\\/\\\/iptvnorway.co\\\/sv\\\/hur-fungerar-iptv\\\/#primaryimage\"},\"thumbnailUrl\":\"https:\\\/\\\/svenskiptv.com\\\/wp-content\\\/uploads\\\/2019\\\/12\\\/iptv-300x200.jpg\",\"datePublished\":\"2021-08-02T21:37:38+00:00\",\"description\":\"Vi hj\u00e4lper dig sedan att komma ig\u00e5ng genom att hj\u00e4lpa dig hitta r\u00e4tt app f\u00f6r din enhet. Du kopierar samt klistrar in en l\u00e4nk eller s\u00e5 l\u00e4mnar...\",\"breadcrumb\":{\"@id\":\"https:\\\/\\\/iptvnorway.co\\\/sv\\\/hur-fungerar-iptv\\\/#breadcrumb\"},\"inLanguage\":\"sv-SE\",\"potentialAction\":[{\"@type\":\"ReadAction\",\"target\":[\"https:\\\/\\\/iptvnorway.co\\\/sv\\\/hur-fungerar-iptv\\\/\"]}]},{\"@type\":\"ImageObject\",\"inLanguage\":\"sv-SE\",\"@id\":\"https:\\\/\\\/iptvnorway.co\\\/sv\\\/hur-fungerar-iptv\\\/#primaryimage\",\"url\":\"https:\\\/\\\/svenskiptv.com\\\/wp-content\\\/uploads\\\/2019\\\/12\\\/iptv-300x200.jpg\",\"contentUrl\":\"https:\\\/\\\/svenskiptv.com\\\/wp-content\\\/uploads\\\/2019\\\/12\\\/iptv-300x200.jpg\"},{\"@type\":\"BreadcrumbList\",\"@id\":\"https:\\\/\\\/iptvnorway.co\\\/sv\\\/hur-fungerar-iptv\\\/#breadcrumb\",\"itemListElement\":[{\"@type\":\"ListItem\",\"position\":1,\"name\":\"Home\",\"item\":\"https:\\\/\\\/iptvnorway.co\\\/sv\\\/\"},{\"@type\":\"ListItem\",\"position\":2,\"name\":\"Hur fungerar IPTV?\"}]},{\"@type\":\"WebSite\",\"@id\":\"https:\\\/\\\/iptvnorway.co\\\/sv\\\/#website\",\"url\":\"https:\\\/\\\/iptvnorway.co\\\/sv\\\/\",\"name\":\"IPTV Norway\",\"description\":\"B\u00e4st p\u00e5 IPTV i Norge!\",\"publisher\":{\"@id\":\"https:\\\/\\\/iptvnorway.co\\\/sv\\\/#organization\"},\"alternateName\":\"IPTV Norway\",\"potentialAction\":[{\"@type\":\"SearchAction\",\"target\":{\"@type\":\"EntryPoint\",\"urlTemplate\":\"https:\\\/\\\/iptvnorway.co\\\/sv\\\/?s={search_term_string}\"},\"query-input\":{\"@type\":\"PropertyValueSpecification\",\"valueRequired\":true,\"valueName\":\"search_term_string\"}}],\"inLanguage\":\"sv-SE\"},{\"@type\":\"Organization\",\"@id\":\"https:\\\/\\\/iptvnorway.co\\\/sv\\\/#organization\",\"name\":\"IPTV Norway\",\"alternateName\":\"IPTV Norway\",\"url\":\"https:\\\/\\\/iptvnorway.co\\\/sv\\\/\",\"logo\":{\"@type\":\"ImageObject\",\"inLanguage\":\"sv-SE\",\"@id\":\"https:\\\/\\\/iptvnorway.co\\\/sv\\\/#\\\/schema\\\/logo\\\/image\\\/\",\"url\":\"https:\\\/\\\/iptvnorway.co\\\/wp-content\\\/uploads\\\/2023\\\/10\\\/IPTV-Norge-Favicon.png\",\"contentUrl\":\"https:\\\/\\\/iptvnorway.co\\\/wp-content\\\/uploads\\\/2023\\\/10\\\/IPTV-Norge-Favicon.png\",\"width\":512,\"height\":512,\"caption\":\"IPTV Norway\"},\"image\":{\"@id\":\"https:\\\/\\\/iptvnorway.co\\\/sv\\\/#\\\/schema\\\/logo\\\/image\\\/\"},\"sameAs\":[\"https:\\\/\\\/x.com\\\/iptvnorge\",\"https:\\\/\\\/pinterest.com\\\/iptvnorge\",\"https:\\\/\\\/tumblr.com\\\/iptvnorge\",\"https:\\\/\\\/www.reddit.com\\\/user\\\/iptvnorge\\\/\",\"https:\\\/\\\/quora.com\\\/iptvnorge\",\"https:\\\/\\\/www.tiktok.com\\\/@iptvnorge.is\"]}]}<\/script>\n<!-- \/ Yoast SEO plugin. -->","yoast_head_json":{"title":"Hur fungerar IPTV? - IPTV Norge","description":"Vi hj\u00e4lper dig sedan att komma ig\u00e5ng genom att hj\u00e4lpa dig hitta r\u00e4tt app f\u00f6r din enhet. Du kopierar samt klistrar in en l\u00e4nk eller s\u00e5 l\u00e4mnar...","robots":{"index":"index","follow":"follow","max-snippet":"max-snippet:-1","max-image-preview":"max-image-preview:large","max-video-preview":"max-video-preview:-1"},"canonical":"https:\/\/iptvnorway.co\/sv\/hur-fungerar-iptv\/","og_locale":"sv_SE","og_type":"article","og_title":"Hur fungerar IPTV? - IPTV Norge","og_description":"Vi hj\u00e4lper dig sedan att komma ig\u00e5ng genom att hj\u00e4lpa dig hitta r\u00e4tt app f\u00f6r din enhet. Du kopierar samt klistrar in en l\u00e4nk eller s\u00e5 l\u00e4mnar...","og_url":"https:\/\/iptvnorway.co\/sv\/hur-fungerar-iptv\/","og_site_name":"IPTV Norge","og_image":[{"url":"https:\/\/svenskiptv.com\/wp-content\/uploads\/2019\/12\/iptv-300x200.jpg","type":"","width":"","height":""}],"twitter_card":"summary_large_image","twitter_site":"@iptvnorge","schema":{"@context":"https:\/\/schema.org","@graph":[{"@type":"WebPage","@id":"https:\/\/iptvnorway.co\/sv\/hur-fungerar-iptv\/","url":"https:\/\/iptvnorway.co\/sv\/hur-fungerar-iptv\/","name":"Hur fungerar IPTV? - IPTV Norge","isPartOf":{"@id":"https:\/\/iptvnorway.co\/sv\/#website"},"primaryImageOfPage":{"@id":"https:\/\/iptvnorway.co\/sv\/hur-fungerar-iptv\/#primaryimage"},"image":{"@id":"https:\/\/iptvnorway.co\/sv\/hur-fungerar-iptv\/#primaryimage"},"thumbnailUrl":"https:\/\/svenskiptv.com\/wp-content\/uploads\/2019\/12\/iptv-300x200.jpg","datePublished":"2021-08-02T21:37:38+00:00","description":"Vi hj\u00e4lper dig sedan att komma ig\u00e5ng genom att hj\u00e4lpa dig hitta r\u00e4tt app f\u00f6r din enhet. Du kopierar samt klistrar in en l\u00e4nk eller s\u00e5 l\u00e4mnar...","breadcrumb":{"@id":"https:\/\/iptvnorway.co\/sv\/hur-fungerar-iptv\/#breadcrumb"},"inLanguage":"sv-SE","potentialAction":[{"@type":"ReadAction","target":["https:\/\/iptvnorway.co\/sv\/hur-fungerar-iptv\/"]}]},{"@type":"ImageObject","inLanguage":"sv-SE","@id":"https:\/\/iptvnorway.co\/sv\/hur-fungerar-iptv\/#primaryimage","url":"https:\/\/svenskiptv.com\/wp-content\/uploads\/2019\/12\/iptv-300x200.jpg","contentUrl":"https:\/\/svenskiptv.com\/wp-content\/uploads\/2019\/12\/iptv-300x200.jpg"},{"@type":"BreadcrumbList","@id":"https:\/\/iptvnorway.co\/sv\/hur-fungerar-iptv\/#breadcrumb","itemListElement":[{"@type":"ListItem","position":1,"name":"Home","item":"https:\/\/iptvnorway.co\/sv\/"},{"@type":"ListItem","position":2,"name":"Hur fungerar IPTV?"}]},{"@type":"WebSite","@id":"https:\/\/iptvnorway.co\/sv\/#website","url":"https:\/\/iptvnorway.co\/sv\/","name":"IPTV Norway","description":"B\u00e4st p\u00e5 IPTV i Norge!","publisher":{"@id":"https:\/\/iptvnorway.co\/sv\/#organization"},"alternateName":"IPTV Norway","potentialAction":[{"@type":"SearchAction","target":{"@type":"EntryPoint","urlTemplate":"https:\/\/iptvnorway.co\/sv\/?s={search_term_string}"},"query-input":{"@type":"PropertyValueSpecification","valueRequired":true,"valueName":"search_term_string"}}],"inLanguage":"sv-SE"},{"@type":"Organization","@id":"https:\/\/iptvnorway.co\/sv\/#organization","name":"IPTV Norway","alternateName":"IPTV Norway","url":"https:\/\/iptvnorway.co\/sv\/","logo":{"@type":"ImageObject","inLanguage":"sv-SE","@id":"https:\/\/iptvnorway.co\/sv\/#\/schema\/logo\/image\/","url":"https:\/\/iptvnorway.co\/wp-content\/uploads\/2023\/10\/IPTV-Norge-Favicon.png","contentUrl":"https:\/\/iptvnorway.co\/wp-content\/uploads\/2023\/10\/IPTV-Norge-Favicon.png","width":512,"height":512,"caption":"IPTV Norway"},"image":{"@id":"https:\/\/iptvnorway.co\/sv\/#\/schema\/logo\/image\/"},"sameAs":["https:\/\/x.com\/iptvnorge","https:\/\/pinterest.com\/iptvnorge","https:\/\/tumblr.com\/iptvnorge","https:\/\/www.reddit.com\/user\/iptvnorge\/","https:\/\/quora.com\/iptvnorge","https:\/\/www.tiktok.com\/@iptvnorge.is"]}]}},"_links":{"self":[{"href":"https:\/\/iptvnorway.co\/sv\/wp-json\/wp\/v2\/pages\/9547","targetHints":{"allow":["GET"]}}],"collection":[{"href":"https:\/\/iptvnorway.co\/sv\/wp-json\/wp\/v2\/pages"}],"about":[{"href":"https:\/\/iptvnorway.co\/sv\/wp-json\/wp\/v2\/types\/page"}],"author":[{"embeddable":true,"href":"https:\/\/iptvnorway.co\/sv\/wp-json\/wp\/v2\/users\/3"}],"replies":[{"embeddable":true,"href":"https:\/\/iptvnorway.co\/sv\/wp-json\/wp\/v2\/comments?post=9547"}],"version-history":[{"count":0,"href":"https:\/\/iptvnorway.co\/sv\/wp-json\/wp\/v2\/pages\/9547\/revisions"}],"wp:attachment":[{"href":"https:\/\/iptvnorway.co\/sv\/wp-json\/wp\/v2\/media?parent=9547"}],"curies":[{"name":"wp","href":"https:\/\/api.w.org\/{rel}","templated":true}]}}